{"id":118,"date":"2012-05-27T22:21:02","date_gmt":"2012-05-27T22:21:02","guid":{"rendered":"http:\/\/gjertrudvennene.isay.no\/?page_id=118"},"modified":"2018-03-16T15:05:02","modified_gmt":"2018-03-16T15:05:02","slug":"til-prest-offentlighet","status":"publish","type":"page","link":"http:\/\/gjertrudvennene.isay.no\/?page_id=118","title":{"rendered":"Til prest, offentlighet"},"content":{"rendered":"<p><strong>Til prest\/forretter, begravelsesbyr\u00e5, helsevesen og offentlighet<\/strong><\/p>\n<p><em>Gjertrudvennene<\/em>\u00a0 arbeider med \u00e5 etablere ressursgrupper p\u00e5 sm\u00e5 og store steder i Norge. M\u00e5lsettingen er \u00e5 f\u00e5 i gang lokale <em>Gjertrudvenner<\/em>-grupper i flest mulig byer og bygder.<\/p>\n<p>Dersom prest\/forretter, helsevesen, gravferdsetat, begravelsesbyr\u00e5 eller annen instans \u00f8yner at det n\u00e6rmer seg begravelse\/bisettelse uten p\u00e5r\u00f8rende, kan man ta direkte kontakt med den lokale kontaktpersonen\/den lokale gruppen eller gjertrudvennene@hotmail.no.<\/p>\n<p>Dersom en ikke kjenner til om det finnes en <em>Gjertrudvennene<\/em>-gruppe p\u00e5 sitt sted, er man selvsagt velkommen til \u00e5 henvende seg til <em>Gjertrudvennene<\/em> <em>Norge<\/em>s kontaktmailadresse (gjertrudvennene@hotmail.no), s\u00e5 vil vi fors\u00f8ke \u00e5 finne en l\u00f8sning og stille opp \u2013 dersom det er mulig. Finnes det ikke lokalgruppe p\u00e5 stedet, vil en fra\u00a0<em>GV Norge<\/em> bestrebe seg p\u00e5 \u00e5 kunne komme til ethvert sted syd for Trondheim. Det er ingen kostnader forbundet med v\u00e5r deltakelse.<\/p><script type=\"text\/javascript\"><!--\r\ngoogle_ad_client = \"ca-pub-6441968085281526\";\r\n\/* Annonser p\u00e5 gamle blogger liten *\/\r\ngoogle_ad_slot = \"5387826424\";\r\ngoogle_ad_width = 468;\r\ngoogle_ad_height = 60;\r\n\/\/-->\r\n<\/script>\r\n<script type=\"text\/javascript\"\r\nsrc=\"http:\/\/pagead2.googlesyndication.com\/pagead\/show_ads.js\">\r\n<\/script>\n<p>Prosten i B\u00e6rum gikk i 2013 offentlig ut og etterlyste f\u00f8lgere til en eldre kvinnes gravferd. Det kom faktisk 50 personer til et ukjent medmenneske. Dette synes vi var en flott historie og et prisverdig initiativ.<\/p>\n<p><em>Gjertrudvennene<\/em> best\u00e5r av privatpersoner som \u2013 i den utstrekning det er mulig \u2013 vil fors\u00f8ke \u00e5 v\u00e6re til stede under gravferdene, der det synes som om det ikke kommer f\u00e5 eller ingen andre.<\/p>\n<p>V\u00e5re representanter vil\u00a0 v\u00e6re diskret til stede \u2013 som en representant for samfunnet. \u00a0Normalt vil alts\u00e5 arbeidet v\u00e5rt best\u00e5 i tilstedev\u00e6relse. Men vi hjelper selvsagt mer enn gjerne med b\u00e6ring av kisten og andre oppgaver \u2013 hvis vi blir spurt.<\/p>\n<p>V\u00e5re lokalgrupper driver arbeidet sitt helt selvstendig.\u00a0P\u00e5 ulike m\u00e5ter kan den lokale gruppen ogs\u00e5 v\u00e6re en ressurs i forhold til de vanlige gravferdene hvis det er kjent at f\u00e5 vil komme, og dermed bidra til \u00e5 gi den avd\u00f8de en personlig og god avskjed. Dette skal s\u00e5 fall alltid skje i samr\u00e5d med prest\/forretter\/byr\u00e5\/ev. p\u00e5r\u00f8rende.<\/p>\n<p><em>Gjertrudvennene<\/em>\u00a0har ingen \u00f8konomi. V\u00e5r deltakelse er gratis. <i>Nettverket\u00a0<\/i>er heller ikke religi\u00f8st basert. Det er menneskeverdet som er v\u00e5rt anliggende.<\/p>\n<p>&nbsp;<\/p>\n<p>&nbsp;<\/p>\n","protected":false},"excerpt":{"rendered":"<p>Til prest\/forretter, begravelsesbyr\u00e5, helsevesen og offentlighet Gjertrudvennene\u00a0 arbeider med \u00e5 etablere ressursgrupper p\u00e5 sm\u00e5 og store steder i Norge. M\u00e5lsettingen er \u00e5 f\u00e5 i gang lokale Gjertrudvenner-grupper i flest mulig byer og bygder. Dersom prest\/forretter, helsevesen, gravferdsetat, begravelsesbyr\u00e5 eller annen instans \u00f8yner at det n\u00e6rmer seg begravelse\/bisettelse uten p\u00e5r\u00f8rende, kan man ta direkte kontakt med [&hellip;]<\/p>\n","protected":false},"author":1880,"featured_media":0,"parent":0,"menu_order":0,"comment_status":"open","ping_status":"open","template":"","meta":[],"_links":{"self":[{"href":"http:\/\/gjertrudvennene.isay.no\/index.php?rest_route=\/wp\/v2\/pages\/118"}],"collection":[{"href":"http:\/\/gjertrudvennene.isay.no\/index.php?rest_route=\/wp\/v2\/pages"}],"about":[{"href":"http:\/\/gjertrudvennene.isay.no\/index.php?rest_route=\/wp\/v2\/types\/page"}],"author":[{"embeddable":true,"href":"http:\/\/gjertrudvennene.isay.no\/index.php?rest_route=\/wp\/v2\/users\/1880"}],"replies":[{"embeddable":true,"href":"http:\/\/gjertrudvennene.isay.no\/index.php?rest_route=%2Fwp%2Fv2%2Fcomments&post=118"}],"version-history":[{"count":17,"href":"http:\/\/gjertrudvennene.isay.no\/index.php?rest_route=\/wp\/v2\/pages\/118\/revisions"}],"predecessor-version":[{"id":815,"href":"http:\/\/gjertrudvennene.isay.no\/index.php?rest_route=\/wp\/v2\/pages\/118\/revisions\/815"}],"wp:attachment":[{"href":"http:\/\/gjertrudvennene.isay.no\/index.php?rest_route=%2Fwp%2Fv2%2Fmedia&parent=118"}],"curies":[{"name":"wp","href":"https:\/\/api.w.org\/{rel}","templated":true}]}}