{"id":146,"date":"2012-05-28T10:03:19","date_gmt":"2012-05-28T10:03:19","guid":{"rendered":"http:\/\/gjertrudvennene.isay.no\/?page_id=146"},"modified":"2018-05-19T10:36:05","modified_gmt":"2018-05-19T10:36:05","slug":"retningslinjer","status":"publish","type":"page","link":"http:\/\/gjertrudvennene.isay.no\/?page_id=146","title":{"rendered":"Form\u00e5lsparagraf"},"content":{"rendered":"<p><strong>Form\u00e5lsparagraf:<\/strong><\/p>\n<p><em>A. Gjertrudvennene<\/em>er et nettverk best\u00e5ende av kontaktpersoner og lokalgrupper som deltar i gravferder uten ansvarlig p\u00e5r\u00f8rende (kommunale gravferder), der det er ventet f\u00e5 eller ingen til \u00e5 f\u00f8lge.<\/p>\n<p>B. N\u00e5r det ikke finnes p\u00e5r\u00f8rende som tar p\u00e5 seg ansvaret for en gravferd, er det kommunen som plikter \u00e5 arrangere. Gjertrudvennene har en m\u00e5lsetting om at enhver gravferd uten ansvarlig p\u00e5r\u00f8rende i Norge, skal foreg\u00e5 p\u00e5 respektfull m\u00e5te og p\u00e5 lik linje med andre gravferder. Dette inkluderer blant annet at kommunen bes\u00f8rger avisannonsering, at det avholdes seremoni med forretter og musikk, kiste, at det bekostes en b\u00e5rebukett, at det lages program til utdeling og at avd\u00f8de f\u00e5r et navnet gravminner.<\/p>\n<p><em>C. Gjertrudvennene\u00a0<\/em>kan ogs\u00e5 delta i vanlige gravferder, der det forventes f\u00e5 andre til \u00e5 f\u00f8lge \u2013 dersom p\u00e5r\u00f8rende ber om det.<\/p>\n<p>D. En lokalgruppe kan ogs\u00e5 velge \u00e5 utf\u00f8re oppgaven med \u00e5 f\u00f8lge en som trenger det, til en gravferd, eller f\u00f8lge p\u00e5 et gravbes\u00f8k.<\/p>\n<p><strong>\u00a0<\/strong><\/p>\n<p><strong>Retningslinjer:<\/strong><\/p><script type=\"text\/javascript\"><!--\r\ngoogle_ad_client = \"ca-pub-6441968085281526\";\r\n\/* Annonser p\u00e5 gamle blogger liten *\/\r\ngoogle_ad_slot = \"5387826424\";\r\ngoogle_ad_width = 468;\r\ngoogle_ad_height = 60;\r\n\/\/-->\r\n<\/script>\r\n<script type=\"text\/javascript\"\r\nsrc=\"http:\/\/pagead2.googlesyndication.com\/pagead\/show_ads.js\">\r\n<\/script>\n<p><i>A. Gjertrudvennene<\/i>\u00a0er ikke religi\u00f8st basert, men er opptatt av \u00e5 ivareta menneskeverdet. Enhver avd\u00f8d er like viktig for\u00a0<i>Gjertrudvennene<\/i>\u00a0uavhengig av etnisitet, religion, stand og livsl\u00f8p<\/p>\n<p>B. Lokalgrupper driver helt selvstendig sitt arbeid p\u00e5 en etisk god m\u00e5te og i samsvar med\u00a0<i>Gjertrudvennenes<\/i>\u00a0verdigrunnlag, form\u00e5lsparagraf og retningslinjer.<\/p>\n<p>C. Nettverket med dets lokalgrupper har ingen \u00f8konomi. Enhver\u00a0<i>Gjertrudvenn<\/i>\u00a0deltar uten l\u00f8nn eller annen godtgj\u00f8relse. Ingen\u00a0<i>Gjertrudvenn<\/i>\u00a0kan sette seg i en situasjon der man tjener penger p\u00e5 arbeidet eller samler inn\/skaffer seg midler.<\/p>\n<p><i>D. Gjertrudvenners<\/i>\u00a0deltakelse i gravferder skal skje p\u00e5 en diskret og tilbaketrukket m\u00e5te.<\/p>\n<p><a href=\"http:\/\/gjertrudvennene.isay.no\/files\/2012\/05\/L\u00f8vetann.jpg\"><img loading=\"lazy\" class=\"aligncenter size-medium wp-image-147\" title=\"\" src=\"http:\/\/gjertrudvennene.isay.no\/files\/2012\/05\/L\u00f8vetann-199x300.jpg\" alt=\"\" width=\"199\" height=\"300\" srcset=\"http:\/\/gjertrudvennene.isay.no\/files\/2012\/05\/L\u00f8vetann-199x300.jpg 199w, http:\/\/gjertrudvennene.isay.no\/files\/2012\/05\/L\u00f8vetann-680x1024.jpg 680w, http:\/\/gjertrudvennene.isay.no\/files\/2012\/05\/L\u00f8vetann.jpg 1200w\" sizes=\"(max-width: 199px) 100vw, 199px\" \/><\/a><\/p>\n","protected":false},"excerpt":{"rendered":"<p>Form\u00e5lsparagraf: A. Gjertrudvenneneer et nettverk best\u00e5ende av kontaktpersoner og lokalgrupper som deltar i gravferder uten ansvarlig p\u00e5r\u00f8rende (kommunale gravferder), der det er ventet f\u00e5 eller ingen til \u00e5 f\u00f8lge. B. N\u00e5r det ikke finnes p\u00e5r\u00f8rende som tar p\u00e5 seg ansvaret for en gravferd, er det kommunen som plikter \u00e5 arrangere. Gjertrudvennene har en m\u00e5lsetting om [&hellip;]<\/p>\n","protected":false},"author":1880,"featured_media":0,"parent":0,"menu_order":0,"comment_status":"open","ping_status":"open","template":"","meta":[],"_links":{"self":[{"href":"http:\/\/gjertrudvennene.isay.no\/index.php?rest_route=\/wp\/v2\/pages\/146"}],"collection":[{"href":"http:\/\/gjertrudvennene.isay.no\/index.php?rest_route=\/wp\/v2\/pages"}],"about":[{"href":"http:\/\/gjertrudvennene.isay.no\/index.php?rest_route=\/wp\/v2\/types\/page"}],"author":[{"embeddable":true,"href":"http:\/\/gjertrudvennene.isay.no\/index.php?rest_route=\/wp\/v2\/users\/1880"}],"replies":[{"embeddable":true,"href":"http:\/\/gjertrudvennene.isay.no\/index.php?rest_route=%2Fwp%2Fv2%2Fcomments&post=146"}],"version-history":[{"count":11,"href":"http:\/\/gjertrudvennene.isay.no\/index.php?rest_route=\/wp\/v2\/pages\/146\/revisions"}],"predecessor-version":[{"id":828,"href":"http:\/\/gjertrudvennene.isay.no\/index.php?rest_route=\/wp\/v2\/pages\/146\/revisions\/828"}],"wp:attachment":[{"href":"http:\/\/gjertrudvennene.isay.no\/index.php?rest_route=%2Fwp%2Fv2%2Fmedia&parent=146"}],"curies":[{"name":"wp","href":"https:\/\/api.w.org\/{rel}","templated":true}]}}