{"id":538,"date":"2014-06-06T12:22:17","date_gmt":"2014-06-06T12:22:17","guid":{"rendered":"http:\/\/gjertrudvennene.isay.no\/?page_id=538"},"modified":"2018-02-15T15:16:19","modified_gmt":"2018-02-15T15:16:19","slug":"om-kommunal-begravelse","status":"publish","type":"page","link":"http:\/\/gjertrudvennene.isay.no\/?page_id=538","title":{"rendered":"Om kommunal gravferd"},"content":{"rendered":"<p><strong>Hva er en gravferd uten ansvarlig p\u00e5r\u00f8rende?<\/strong><\/p>\n<p>N\u00e5r det ikke finnes p\u00e5r\u00f8rende, eller de ikke \u00f8nsker eller kan ta p\u00e5 seg ansvaret for gravferden, plikter kommunen iht. den s\u00e5kalte gravferdsloven \u00e5 ta p\u00e5 seg arrangementet. Gravferden kalles da en gravferd uten ansvarlig p\u00e5r\u00f8rende. Oftest vil en slik seremoni v\u00e6re en bisettelse.<\/p><script type=\"text\/javascript\"><!--\r\ngoogle_ad_client = \"ca-pub-6441968085281526\";\r\n\/* Annonser p\u00e5 gamle blogger liten *\/\r\ngoogle_ad_slot = \"5387826424\";\r\ngoogle_ad_width = 468;\r\ngoogle_ad_height = 60;\r\n\/\/-->\r\n<\/script>\r\n<script type=\"text\/javascript\"\r\nsrc=\"http:\/\/pagead2.googlesyndication.com\/pagead\/show_ads.js\">\r\n<\/script>\n<p>Det kan v\u00e6re mange grunner til at en gravferd ender opp som kommunalt arrangert gravferd. En avd\u00f8d kan ha levd et ensomt liv \u2013 av ulike \u00e5rsaker \u2013 og har kanskje verken p\u00e5r\u00f8rende eller nettverk idet man d\u00f8r. Andre kan ha overlevd alle andre eller flyttet fra en helt annen kant av landet eller fra utlandet. Det skjer ogs\u00e5 at avd\u00f8de faktisk <em>har<\/em> p\u00e5r\u00f8rende, men at disse ikke \u00f8nsker \u00e5 ha noe med gravferden \u00e5 gj\u00f8re, eller av ulike \u00e5rsaker ikke klarer \u00e5 ta seg av begravelsen. <em>Gjertrudvennene<\/em> bryr seg aldri om \u00e5rsakene eller forhistorien. For oss er enhver person like unik. Vi er der for markere at et levd liv er til veis ende; som en representant for samfunnet<\/p>\n<p>De fleste gravferdene skjer i byene, ikke minst i Oslo. Her er det hvert \u00e5r rundt 100 kommunalt arrangerte gravferder. Den enkelte kommune h\u00e5ndterer disse gravferdene p\u00e5 ulike m\u00e5ter.<\/p>\n<p>Vi er sv\u00e6rt intereessert i \u00e5 motta informasjon om hvordan kommunen h\u00e5ndterer slike gravferder i din by eller bygd.<\/p>\n<p>En kommunalt arrangert gravferd b\u00f8r v\u00e6re akkurat som en vanlig begravelse.<\/p>\n<p>I Oslo er det Gravferdsetaten (GFE) i kommunen som har ansvaret for de\u00a0 gravferdene uten ansvarlig p\u00e5r\u00f8rende. GFE samarbeider med ett byr\u00e5, J\u00f8lstad fra 1.1.2018, som p\u00e5 vegne av GFE\u00a0tar seg av det meste vedr\u00f8rende planlegging, transport og selve seremonien. De annonserer i Aftenposten, koordinerer med kapell\/forretter, lager minnehefte og s\u00f8rger for en b\u00e5rebukett og annet til selve seremonien.<\/p>\n<p>\u00d8nsker du mer detaljert informasjon om detaljer rundt en kommunal gravferd, bes du kontakte oss p\u00e5 e-post.<\/p>\n","protected":false},"excerpt":{"rendered":"<p>Hva er en gravferd uten ansvarlig p\u00e5r\u00f8rende? N\u00e5r det ikke finnes p\u00e5r\u00f8rende, eller de ikke \u00f8nsker eller kan ta p\u00e5 seg ansvaret for gravferden, plikter kommunen iht. den s\u00e5kalte gravferdsloven \u00e5 ta p\u00e5 seg arrangementet. Gravferden kalles da en gravferd uten ansvarlig p\u00e5r\u00f8rende. Oftest vil en slik seremoni v\u00e6re en bisettelse. Det kan v\u00e6re mange [&hellip;]<\/p>\n","protected":false},"author":1880,"featured_media":0,"parent":0,"menu_order":0,"comment_status":"open","ping_status":"open","template":"","meta":[],"_links":{"self":[{"href":"http:\/\/gjertrudvennene.isay.no\/index.php?rest_route=\/wp\/v2\/pages\/538"}],"collection":[{"href":"http:\/\/gjertrudvennene.isay.no\/index.php?rest_route=\/wp\/v2\/pages"}],"about":[{"href":"http:\/\/gjertrudvennene.isay.no\/index.php?rest_route=\/wp\/v2\/types\/page"}],"author":[{"embeddable":true,"href":"http:\/\/gjertrudvennene.isay.no\/index.php?rest_route=\/wp\/v2\/users\/1880"}],"replies":[{"embeddable":true,"href":"http:\/\/gjertrudvennene.isay.no\/index.php?rest_route=%2Fwp%2Fv2%2Fcomments&post=538"}],"version-history":[{"count":5,"href":"http:\/\/gjertrudvennene.isay.no\/index.php?rest_route=\/wp\/v2\/pages\/538\/revisions"}],"predecessor-version":[{"id":809,"href":"http:\/\/gjertrudvennene.isay.no\/index.php?rest_route=\/wp\/v2\/pages\/538\/revisions\/809"}],"wp:attachment":[{"href":"http:\/\/gjertrudvennene.isay.no\/index.php?rest_route=%2Fwp%2Fv2%2Fmedia&parent=538"}],"curies":[{"name":"wp","href":"https:\/\/api.w.org\/{rel}","templated":true}]}}