{"id":95,"date":"2012-05-18T19:31:34","date_gmt":"2012-05-18T19:31:34","guid":{"rendered":"http:\/\/gjertrudvennene.isay.no\/?page_id=95"},"modified":"2018-03-16T14:55:06","modified_gmt":"2018-03-16T14:55:06","slug":"vil-du-bidra","status":"publish","type":"page","link":"http:\/\/gjertrudvennene.isay.no\/?page_id=95","title":{"rendered":"Bakgrunnen for GV"},"content":{"rendered":"<p>Nettverket <em>Gjertrudvennene<\/em> ble opprettet i 2012 og er et privat initiativ fra medlemmer i Oslogruppen. Gjennom flere \u00e5r har man sett oppslag i media om triste hendelser der noen mennesker ikke har en eneste p\u00e5r\u00f8rende eller venn med seg n\u00e5r det skal tas farvel. Tankene om \u00e5 gj\u00f8re noe med dette, har lenge v\u00e6rt der hos flere. Arbeidet kom for alvor i gang i 2013.<\/p>\n<p><em>Gjertrudvennene<\/em> \u00f8nsker \u00e5 skape oppmerksomhet rundt viktigheten av \u00e5 se det enkelte menneske i live, men v\u00e5r hovedoppgave er \u00e5 bidra overfor dem som ingen annen har, idet livet er ved veis ende. For p\u00e5 den aller siste dagen vil vi ikke at et eneste menneske skal v\u00e6re alene. Da \u00f8nsker vi, <em>Gjertrudvennene,<\/em> \u00e5 v\u00e6re til stede og f\u00f8lge, som en venn \u2013 <em>Gjertrudvenn<\/em>.<\/p><script type=\"text\/javascript\"><!--\r\ngoogle_ad_client = \"ca-pub-6441968085281526\";\r\n\/* Annonser p\u00e5 gamle blogger liten *\/\r\ngoogle_ad_slot = \"5387826424\";\r\ngoogle_ad_width = 468;\r\ngoogle_ad_height = 60;\r\n\/\/-->\r\n<\/script>\r\n<script type=\"text\/javascript\"\r\nsrc=\"http:\/\/pagead2.googlesyndication.com\/pagead\/show_ads.js\">\r\n<\/script>\n<p>Vi hadde lenge \u00f8nsket \u00e5 gj\u00f8re noe med den triste situasjonen; det at noen er alene i d\u00f8den den aller siste dagen i kapellet. Dermed gikk man sammen om \u00e5 starte <em>Gjertrudvennene<\/em>. Navnet <em>Gjertrud<\/em> har vi blant annet brukt fordi navnet har en god betydning.<\/p>\n<p>Selve navnet <em>Gjertrud<\/em> passer, som sagt, ogs\u00e5 godt p\u00e5 arbeidet v\u00e5rt, for vi kan si at det betyr &laquo;spyd med styrke&raquo;. I Wikipedia finner vi f\u00f8lgende forklaring p\u00e5 <em>Gjertrud<\/em>-navnet: &laquo;Jentenavnet er en tysk variant av Geirtrud som best\u00e5r av navnedelene geir og trud, hvor <em>geir<\/em> er en nyere versjon av <em>Geirr<\/em>, som er et gammelt norr\u00f8nt navn som betyr \u2018spyd\u2019, mens <em>trud<\/em> kommer av det norr\u00f8ne \u2018tr\u00e5dr\u2019, som betyr \u2018styrke\u2019.&raquo;<\/p>\n<p>Styrke, klokhet og omtanke er definitivt egenskaper <em>Gjertrudvennene<\/em> trenger i sitt virke.<\/p>\n","protected":false},"excerpt":{"rendered":"<p>Nettverket Gjertrudvennene ble opprettet i 2012 og er et privat initiativ fra medlemmer i Oslogruppen. Gjennom flere \u00e5r har man sett oppslag i media om triste hendelser der noen mennesker ikke har en eneste p\u00e5r\u00f8rende eller venn med seg n\u00e5r det skal tas farvel. Tankene om \u00e5 gj\u00f8re noe med dette, har lenge v\u00e6rt der [&hellip;]<\/p>\n","protected":false},"author":1880,"featured_media":0,"parent":0,"menu_order":0,"comment_status":"open","ping_status":"open","template":"","meta":[],"_links":{"self":[{"href":"http:\/\/gjertrudvennene.isay.no\/index.php?rest_route=\/wp\/v2\/pages\/95"}],"collection":[{"href":"http:\/\/gjertrudvennene.isay.no\/index.php?rest_route=\/wp\/v2\/pages"}],"about":[{"href":"http:\/\/gjertrudvennene.isay.no\/index.php?rest_route=\/wp\/v2\/types\/page"}],"author":[{"embeddable":true,"href":"http:\/\/gjertrudvennene.isay.no\/index.php?rest_route=\/wp\/v2\/users\/1880"}],"replies":[{"embeddable":true,"href":"http:\/\/gjertrudvennene.isay.no\/index.php?rest_route=%2Fwp%2Fv2%2Fcomments&post=95"}],"version-history":[{"count":26,"href":"http:\/\/gjertrudvennene.isay.no\/index.php?rest_route=\/wp\/v2\/pages\/95\/revisions"}],"predecessor-version":[{"id":804,"href":"http:\/\/gjertrudvennene.isay.no\/index.php?rest_route=\/wp\/v2\/pages\/95\/revisions\/804"}],"wp:attachment":[{"href":"http:\/\/gjertrudvennene.isay.no\/index.php?rest_route=%2Fwp%2Fv2%2Fmedia&parent=95"}],"curies":[{"name":"wp","href":"https:\/\/api.w.org\/{rel}","templated":true}]}}